{"id":588,"date":"2021-02-26T16:21:12","date_gmt":"2021-02-26T15:21:12","guid":{"rendered":"https:\/\/bio-imkerei-faehnle.de\/wordpress\/?page_id=588"},"modified":"2022-11-15T10:26:46","modified_gmt":"2022-11-15T09:26:46","slug":"bestellformulare","status":"publish","type":"page","link":"https:\/\/bio-imkerei-faehnle.de\/wordpress\/bestellformulare\/","title":{"rendered":"Bestellformulare"},"content":{"rendered":"<p><div class=\"fusion-fullwidth fullwidth-box fusion-builder-row-1 nonhundred-percent-fullwidth non-hundred-percent-height-scrolling\" style=\"--awb-border-radius-top-left:0px;--awb-border-radius-top-right:0px;--awb-border-radius-bottom-right:0px;--awb-border-radius-bottom-left:0px;--awb-flex-wrap:wrap;\" ><div class=\"fusion-builder-row fusion-row\"><div class=\"fusion-layout-column fusion_builder_column fusion-builder-column-0 fusion_builder_column_1_1 1_1 fusion-one-full fusion-column-first fusion-column-last\" style=\"--awb-bg-size:cover;\"><div class=\"fusion-column-wrapper fusion-flex-column-wrapper-legacy\"><div class=\"fusion-image-carousel fusion-image-carousel-auto fusion-image-carousel-1 fusion-carousel-border\"><div class=\"awb-carousel awb-swiper awb-swiper-carousel awb-carousel--carousel awb-swiper-dots-position-bottom\" data-layout=\"carousel\" data-autoplay=\"no\" data-autoplayspeed=\"2500\" data-autoplaypause=\"no\" data-columns=\"1\" data-columnsmedium=\"1\" data-columnssmall=\"1\" data-itemmargin=\"13\" data-itemwidth=\"180\" data-touchscroll=\"no\" data-freemode=\"no\" data-imagesize=\"auto\" data-scrollitems=\"0\" data-centeredslides=\"no\" data-rotationangle=\"50\" data-depth=\"100\" data-speed=\"500\" data-shadow=\"no\" data-pagination=\"bullets\" style=\"--awb-columns:1;--awb-border-width:1px;--awb-border-color:#e9eaee;\"><div class=\"swiper-wrapper awb-image-carousel-wrapper fusion-flex-align-items-center\"><div class=\"swiper-slide\"><div class=\"fusion-carousel-item-wrapper\"><div class=\"fusion-image-wrapper hover-type-none\"><img decoding=\"async\" width=\"1100\" height=\"500\" src=\"https:\/\/bio-imkerei-faehnle.de\/wordpress\/wp-content\/uploads\/2017\/03\/009_headerbild01.jpg\" class=\"attachment-full size-full\" alt=\"\" srcset=\"https:\/\/bio-imkerei-faehnle.de\/wordpress\/wp-content\/uploads\/2017\/03\/009_headerbild01-200x91.jpg 200w, https:\/\/bio-imkerei-faehnle.de\/wordpress\/wp-content\/uploads\/2017\/03\/009_headerbild01-300x136.jpg 300w, https:\/\/bio-imkerei-faehnle.de\/wordpress\/wp-content\/uploads\/2017\/03\/009_headerbild01-400x182.jpg 400w, https:\/\/bio-imkerei-faehnle.de\/wordpress\/wp-content\/uploads\/2017\/03\/009_headerbild01-600x273.jpg 600w, https:\/\/bio-imkerei-faehnle.de\/wordpress\/wp-content\/uploads\/2017\/03\/009_headerbild01-768x349.jpg 768w, https:\/\/bio-imkerei-faehnle.de\/wordpress\/wp-content\/uploads\/2017\/03\/009_headerbild01-800x364.jpg 800w, https:\/\/bio-imkerei-faehnle.de\/wordpress\/wp-content\/uploads\/2017\/03\/009_headerbild01-1024x465.jpg 1024w, https:\/\/bio-imkerei-faehnle.de\/wordpress\/wp-content\/uploads\/2017\/03\/009_headerbild01.jpg 1100w\" sizes=\"(max-width: 1100px) 100vw, 1100px\" \/><\/div><\/div><\/div><div class=\"swiper-slide\"><div class=\"fusion-carousel-item-wrapper\"><div class=\"fusion-image-wrapper hover-type-none\"><img decoding=\"async\" width=\"1100\" height=\"500\" src=\"https:\/\/bio-imkerei-faehnle.de\/wordpress\/wp-content\/uploads\/2017\/03\/041_header_fuehrungen.jpg\" class=\"attachment-full size-full\" alt=\"\" srcset=\"https:\/\/bio-imkerei-faehnle.de\/wordpress\/wp-content\/uploads\/2017\/03\/041_header_fuehrungen-200x91.jpg 200w, https:\/\/bio-imkerei-faehnle.de\/wordpress\/wp-content\/uploads\/2017\/03\/041_header_fuehrungen-300x136.jpg 300w, https:\/\/bio-imkerei-faehnle.de\/wordpress\/wp-content\/uploads\/2017\/03\/041_header_fuehrungen-400x182.jpg 400w, https:\/\/bio-imkerei-faehnle.de\/wordpress\/wp-content\/uploads\/2017\/03\/041_header_fuehrungen-600x273.jpg 600w, https:\/\/bio-imkerei-faehnle.de\/wordpress\/wp-content\/uploads\/2017\/03\/041_header_fuehrungen-768x349.jpg 768w, https:\/\/bio-imkerei-faehnle.de\/wordpress\/wp-content\/uploads\/2017\/03\/041_header_fuehrungen-800x364.jpg 800w, https:\/\/bio-imkerei-faehnle.de\/wordpress\/wp-content\/uploads\/2017\/03\/041_header_fuehrungen-1024x465.jpg 1024w, https:\/\/bio-imkerei-faehnle.de\/wordpress\/wp-content\/uploads\/2017\/03\/041_header_fuehrungen.jpg 1100w\" sizes=\"(max-width: 1100px) 100vw, 1100px\" \/><\/div><\/div><\/div><div class=\"swiper-slide\"><div class=\"fusion-carousel-item-wrapper\"><div class=\"fusion-image-wrapper hover-type-none\"><img decoding=\"async\" width=\"1100\" height=\"500\" src=\"https:\/\/bio-imkerei-faehnle.de\/wordpress\/wp-content\/uploads\/2017\/03\/042_header_fuehrungen.jpg\" class=\"attachment-full size-full\" alt=\"\" srcset=\"https:\/\/bio-imkerei-faehnle.de\/wordpress\/wp-content\/uploads\/2017\/03\/042_header_fuehrungen-200x91.jpg 200w, https:\/\/bio-imkerei-faehnle.de\/wordpress\/wp-content\/uploads\/2017\/03\/042_header_fuehrungen-300x136.jpg 300w, https:\/\/bio-imkerei-faehnle.de\/wordpress\/wp-content\/uploads\/2017\/03\/042_header_fuehrungen-400x182.jpg 400w, https:\/\/bio-imkerei-faehnle.de\/wordpress\/wp-content\/uploads\/2017\/03\/042_header_fuehrungen-600x273.jpg 600w, https:\/\/bio-imkerei-faehnle.de\/wordpress\/wp-content\/uploads\/2017\/03\/042_header_fuehrungen-768x349.jpg 768w, https:\/\/bio-imkerei-faehnle.de\/wordpress\/wp-content\/uploads\/2017\/03\/042_header_fuehrungen-800x364.jpg 800w, https:\/\/bio-imkerei-faehnle.de\/wordpress\/wp-content\/uploads\/2017\/03\/042_header_fuehrungen-1024x465.jpg 1024w, https:\/\/bio-imkerei-faehnle.de\/wordpress\/wp-content\/uploads\/2017\/03\/042_header_fuehrungen.jpg 1100w\" sizes=\"(max-width: 1100px) 100vw, 1100px\" \/><\/div><\/div><\/div><\/div><div class=\"awb-swiper-button awb-swiper-button-prev\"><i class=\"awb-icon-angle-left\" aria-hidden=\"true\"><\/i><\/div><div class=\"awb-swiper-button awb-swiper-button-next\"><i class=\"awb-icon-angle-right\" aria-hidden=\"true\"><\/i><\/div><\/div><\/div><div class=\"fusion-clearfix\"><\/div><\/div><\/div><\/div><\/div><div class=\"fusion-fullwidth fullwidth-box fusion-builder-row-2 nonhundred-percent-fullwidth non-hundred-percent-height-scrolling\" style=\"--awb-border-radius-top-left:0px;--awb-border-radius-top-right:0px;--awb-border-radius-bottom-right:0px;--awb-border-radius-bottom-left:0px;--awb-flex-wrap:wrap;\" ><div class=\"fusion-builder-row fusion-row\"><div class=\"fusion-layout-column fusion_builder_column fusion-builder-column-1 fusion_builder_column_3_4 3_4 fusion-three-fourth fusion-column-first\" style=\"--awb-bg-size:cover;width:75%;width:calc(75% - ( ( 4% ) * 0.75 ) );margin-right: 4%;\"><div class=\"fusion-column-wrapper fusion-flex-column-wrapper-legacy\"><div class=\"fusion-title title fusion-title-1 fusion-sep-none fusion-title-text fusion-title-size-one\" style=\"--awb-margin-top:10px;--awb-margin-bottom:0px;--awb-margin-top-small:10px;--awb-margin-right-small:0px;--awb-margin-bottom-small:10px;--awb-margin-left-small:0px;\"><h1 class=\"fusion-title-heading title-heading-left\" style=\"margin:0;\"><h1>Einfach bestellen \u2013 So geht&#8217;s!<\/h1><\/h1><\/div><div class=\"fusion-text fusion-text-1\"><p>W\u00e4hlen Sie das gew\u00fcnschte Bestellformular aus und laden Sie es herunter. Danach k\u00f6nnen Sie das Bestellformular entweder digital ausf\u00fcllen oder ausdrucken. Die ausgef\u00fcllten Formulare k\u00f6nnen Sie uns dann an <a href=\"mailto:bio-imkerei-faehnle@t-online.de\">bio-imkerei-faehnle@t-online.de<\/a> mailen oder gerne auch an die 0 73 28 \/ 92 29 49 faxen.<\/p>\n<p>Vielen Dank! Wir freuen uns auf Ihre Bestellungen!<\/p>\n<\/div><div class=\"fusion-sep-clear\"><\/div><div class=\"fusion-separator fusion-full-width-sep\" style=\"margin-left: auto;margin-right: auto;margin-top:15px;margin-bottom:15px;width:100%;\"><div class=\"fusion-separator-border sep-single sep-dotted\" style=\"--awb-height:20px;--awb-amount:20px;--awb-sep-color:#742c25;border-color:#742c25;border-top-width:1px;\"><\/div><\/div><div class=\"fusion-sep-clear\"><\/div><div class=\"fusion-title title fusion-title-2 fusion-sep-none fusion-title-text fusion-title-size-one\" style=\"--awb-margin-top:10px;--awb-margin-bottom:0px;--awb-margin-top-small:10px;--awb-margin-right-small:0px;--awb-margin-bottom-small:10px;--awb-margin-left-small:0px;\"><h1 class=\"fusion-title-heading title-heading-left\" style=\"margin:0;\"><h1>Die Bestellformulare &#8230;<\/h1><\/h1><\/div><div class=\"fusion-builder-row fusion-builder-row-inner fusion-row\"><div class=\"fusion-layout-column fusion_builder_column_inner fusion-builder-nested-column-0 fusion_builder_column_inner_1_4 1_4 fusion-one-fourth fusion-column-first\" style=\"--awb-padding-top:2%;--awb-padding-right:2%;--awb-padding-bottom:2%;--awb-padding-left:2%;--awb-bg-size:cover;width:25%;width:calc(25% - ( ( 4% + 4% + 4% ) * 0.25 ) );margin-right: 4%;\"><div class=\"fusion-column-wrapper fusion-column-has-shadow fusion-flex-column-wrapper-legacy\"><div class=\"fusion-align-block\"><a class=\"fusion-button button-flat button-large button-default fusion-button-default button-1 fusion-button-span-yes fusion-button-default-type\" target=\"_blank\" rel=\"noopener noreferrer\" href=\"https:\/\/bio-imkerei-faehnle.de\/wordpress\/wp-content\/uploads\/2022\/11\/Faehnle_Bestellformular_Honig_011122.pdf\"><span class=\"fusion-button-text awb-button__text awb-button__text--default\">Bestellformular Honig<\/span><\/a><\/div><div class=\"fusion-clearfix\"><\/div><\/div><\/div><div class=\"fusion-layout-column fusion_builder_column_inner fusion-builder-nested-column-1 fusion_builder_column_inner_1_4 1_4 fusion-one-fourth\" style=\"--awb-padding-top:2%;--awb-padding-right:2%;--awb-padding-bottom:2%;--awb-padding-left:2%;--awb-bg-size:cover;width:25%;width:calc(25% - ( ( 4% + 4% + 4% ) * 0.25 ) );margin-right: 4%;\"><div class=\"fusion-column-wrapper fusion-column-has-shadow fusion-flex-column-wrapper-legacy\"><div class=\"fusion-align-block\"><a class=\"fusion-button button-flat button-large button-default fusion-button-default button-2 fusion-button-span-yes fusion-button-default-type\" target=\"_blank\" rel=\"noopener noreferrer\" href=\"https:\/\/bio-imkerei-faehnle.de\/wordpress\/wp-content\/uploads\/2022\/11\/Faehnle_Bestellformular_Bienenprodukte_011122.pdf\"><span class=\"fusion-button-text awb-button__text awb-button__text--default\">Bestellformular Bienenprodukte<\/span><\/a><\/div><div class=\"fusion-clearfix\"><\/div><\/div><\/div><div class=\"fusion-layout-column fusion_builder_column_inner fusion-builder-nested-column-2 fusion_builder_column_inner_1_4 1_4 fusion-one-fourth\" style=\"--awb-padding-top:2%;--awb-padding-right:2%;--awb-padding-bottom:2%;--awb-padding-left:2%;--awb-bg-size:cover;width:25%;width:calc(25% - ( ( 4% + 4% + 4% ) * 0.25 ) );margin-right: 4%;\"><div class=\"fusion-column-wrapper fusion-column-has-shadow fusion-flex-column-wrapper-legacy\"><div class=\"fusion-align-block\"><a class=\"fusion-button button-flat button-large button-default fusion-button-default button-3 fusion-button-span-yes fusion-button-default-type\" target=\"_blank\" rel=\"noopener noreferrer\" href=\"https:\/\/bio-imkerei-faehnle.de\/wordpress\/wp-content\/uploads\/2022\/11\/Faehnle_Bestellformular_Bienenkosmetik_151122.pdf\"><span class=\"fusion-button-text awb-button__text awb-button__text--default\">Bestellformular Bienenkosmetik<\/span><\/a><\/div><div class=\"fusion-clearfix\"><\/div><\/div><\/div><div class=\"fusion-layout-column fusion_builder_column_inner fusion-builder-nested-column-3 fusion_builder_column_inner_1_4 1_4 fusion-one-fourth fusion-column-last\" style=\"--awb-padding-top:2%;--awb-padding-right:2%;--awb-padding-bottom:2%;--awb-padding-left:2%;--awb-bg-size:cover;width:25%;width:calc(25% - ( ( 4% + 4% + 4% ) * 0.25 ) );\"><div class=\"fusion-column-wrapper fusion-column-has-shadow fusion-flex-column-wrapper-legacy\"><div class=\"fusion-align-block\"><a class=\"fusion-button button-flat button-large button-default fusion-button-default button-4 fusion-button-span-yes fusion-button-default-type\" target=\"_blank\" rel=\"noopener noreferrer\" href=\"https:\/\/bio-imkerei-faehnle.de\/wordpress\/wp-content\/uploads\/2022\/11\/Faehnle_Bestellformulare_Getreide_011122.pdf\"><span class=\"fusion-button-text awb-button__text awb-button__text--default\">Bestellformular Getreide &amp; Mehl<\/span><\/a><\/div><div class=\"fusion-clearfix\"><\/div><\/div><\/div><\/div><div class=\"fusion-clearfix\"><\/div><\/div><\/div><div class=\"fusion-layout-column fusion_builder_column fusion-builder-column-2 fusion_builder_column_1_4 1_4 fusion-one-fourth fusion-column-last\" style=\"--awb-bg-size:cover;width:25%;width:calc(25% - ( ( 4% ) * 0.25 ) );\"><div class=\"fusion-column-wrapper fusion-flex-column-wrapper-legacy\"><div class=\"fusion-image-element in-legacy-container\" style=\"--awb-caption-title-font-family:var(--h2_typography-font-family);--awb-caption-title-font-weight:var(--h2_typography-font-weight);--awb-caption-title-font-style:var(--h2_typography-font-style);--awb-caption-title-size:var(--h2_typography-font-size);--awb-caption-title-transform:var(--h2_typography-text-transform);--awb-caption-title-line-height:var(--h2_typography-line-height);--awb-caption-title-letter-spacing:var(--h2_typography-letter-spacing);\"><span class=\" fusion-imageframe imageframe-none imageframe-1 hover-type-none\"><img decoding=\"async\" width=\"500\" height=\"500\" title=\"055_bio_siegel\" src=\"http:\/\/clausundhelena.alfahosting.org\/wordpress\/wp-content\/uploads\/2017\/03\/055_bio_siegel.png\" alt class=\"img-responsive wp-image-237\" srcset=\"https:\/\/bio-imkerei-faehnle.de\/wordpress\/wp-content\/uploads\/2017\/03\/055_bio_siegel-200x200.png 200w, https:\/\/bio-imkerei-faehnle.de\/wordpress\/wp-content\/uploads\/2017\/03\/055_bio_siegel-400x400.png 400w, https:\/\/bio-imkerei-faehnle.de\/wordpress\/wp-content\/uploads\/2017\/03\/055_bio_siegel.png 500w\" sizes=\"(max-width: 800px) 100vw, 400px\" \/><\/span><\/div><div class=\"fusion-clearfix\"><\/div><\/div><\/div><\/div><\/div><\/p>\n","protected":false},"excerpt":{"rendered":"","protected":false},"author":1,"featured_media":0,"parent":0,"menu_order":0,"comment_status":"closed","ping_status":"closed","template":"","meta":{"footnotes":""},"class_list":["post-588","page","type-page","status-publish","hentry"],"aioseo_notices":[],"_links":{"self":[{"href":"https:\/\/bio-imkerei-faehnle.de\/wordpress\/wp-json\/wp\/v2\/pages\/588","targetHints":{"allow":["GET"]}}],"collection":[{"href":"https:\/\/bio-imkerei-faehnle.de\/wordpress\/wp-json\/wp\/v2\/pages"}],"about":[{"href":"https:\/\/bio-imkerei-faehnle.de\/wordpress\/wp-json\/wp\/v2\/types\/page"}],"author":[{"embeddable":true,"href":"https:\/\/bio-imkerei-faehnle.de\/wordpress\/wp-json\/wp\/v2\/users\/1"}],"replies":[{"embeddable":true,"href":"https:\/\/bio-imkerei-faehnle.de\/wordpress\/wp-json\/wp\/v2\/comments?post=588"}],"version-history":[{"count":19,"href":"https:\/\/bio-imkerei-faehnle.de\/wordpress\/wp-json\/wp\/v2\/pages\/588\/revisions"}],"predecessor-version":[{"id":680,"href":"https:\/\/bio-imkerei-faehnle.de\/wordpress\/wp-json\/wp\/v2\/pages\/588\/revisions\/680"}],"wp:attachment":[{"href":"https:\/\/bio-imkerei-faehnle.de\/wordpress\/wp-json\/wp\/v2\/media?parent=588"}],"curies":[{"name":"wp","href":"https:\/\/api.w.org\/{rel}","templated":true}]}}