{"id":33,"date":"2017-03-21T12:23:17","date_gmt":"2017-03-21T11:23:17","guid":{"rendered":"http:\/\/clausundhelena.alfahosting.org\/wordpress\/?page_id=33"},"modified":"2022-10-19T11:20:08","modified_gmt":"2022-10-19T09:20:08","slug":"verkaufsstellen","status":"publish","type":"page","link":"https:\/\/bio-imkerei-faehnle.de\/wordpress\/verkaufsstellen\/","title":{"rendered":"Verkaufsstellen"},"content":{"rendered":"<p><div class=\"fusion-fullwidth fullwidth-box fusion-builder-row-1 nonhundred-percent-fullwidth non-hundred-percent-height-scrolling\" style=\"--awb-border-radius-top-left:0px;--awb-border-radius-top-right:0px;--awb-border-radius-bottom-right:0px;--awb-border-radius-bottom-left:0px;--awb-flex-wrap:wrap;\" ><div class=\"fusion-builder-row fusion-row\"><div class=\"fusion-layout-column fusion_builder_column fusion-builder-column-0 fusion_builder_column_1_1 1_1 fusion-one-full fusion-column-first fusion-column-last\" style=\"--awb-bg-size:cover;\"><div class=\"fusion-column-wrapper fusion-flex-column-wrapper-legacy\"><div class=\"fusion-image-carousel fusion-image-carousel-auto fusion-image-carousel-1 fusion-carousel-border\"><div class=\"awb-carousel awb-swiper awb-swiper-carousel awb-carousel--carousel awb-swiper-dots-position-bottom\" data-layout=\"carousel\" data-autoplay=\"no\" data-autoplayspeed=\"2500\" data-autoplaypause=\"no\" data-columns=\"1\" data-columnsmedium=\"1\" data-columnssmall=\"1\" data-itemmargin=\"13\" data-itemwidth=\"180\" data-touchscroll=\"no\" data-freemode=\"no\" data-imagesize=\"auto\" data-scrollitems=\"0\" data-centeredslides=\"no\" data-rotationangle=\"50\" data-depth=\"100\" data-speed=\"500\" data-shadow=\"no\" data-pagination=\"bullets\" style=\"--awb-columns:1;--awb-border-width:1px;--awb-border-color:#e9eaee;\"><div class=\"swiper-wrapper awb-image-carousel-wrapper fusion-flex-align-items-center\"><div class=\"swiper-slide\"><div class=\"fusion-carousel-item-wrapper\"><div class=\"fusion-image-wrapper hover-type-none\"><img decoding=\"async\" width=\"1100\" height=\"500\" src=\"https:\/\/bio-imkerei-faehnle.de\/wordpress\/wp-content\/uploads\/2017\/03\/009_headerbild01.jpg\" class=\"attachment-full size-full\" alt=\"\" srcset=\"https:\/\/bio-imkerei-faehnle.de\/wordpress\/wp-content\/uploads\/2017\/03\/009_headerbild01-200x91.jpg 200w, https:\/\/bio-imkerei-faehnle.de\/wordpress\/wp-content\/uploads\/2017\/03\/009_headerbild01-300x136.jpg 300w, https:\/\/bio-imkerei-faehnle.de\/wordpress\/wp-content\/uploads\/2017\/03\/009_headerbild01-400x182.jpg 400w, https:\/\/bio-imkerei-faehnle.de\/wordpress\/wp-content\/uploads\/2017\/03\/009_headerbild01-600x273.jpg 600w, https:\/\/bio-imkerei-faehnle.de\/wordpress\/wp-content\/uploads\/2017\/03\/009_headerbild01-768x349.jpg 768w, https:\/\/bio-imkerei-faehnle.de\/wordpress\/wp-content\/uploads\/2017\/03\/009_headerbild01-800x364.jpg 800w, https:\/\/bio-imkerei-faehnle.de\/wordpress\/wp-content\/uploads\/2017\/03\/009_headerbild01-1024x465.jpg 1024w, https:\/\/bio-imkerei-faehnle.de\/wordpress\/wp-content\/uploads\/2017\/03\/009_headerbild01.jpg 1100w\" sizes=\"(max-width: 1100px) 100vw, 1100px\" \/><\/div><\/div><\/div><div class=\"swiper-slide\"><div class=\"fusion-carousel-item-wrapper\"><div class=\"fusion-image-wrapper hover-type-none\"><img decoding=\"async\" width=\"1100\" height=\"500\" src=\"https:\/\/bio-imkerei-faehnle.de\/wordpress\/wp-content\/uploads\/2017\/03\/041_header_fuehrungen.jpg\" class=\"attachment-full size-full\" alt=\"\" srcset=\"https:\/\/bio-imkerei-faehnle.de\/wordpress\/wp-content\/uploads\/2017\/03\/041_header_fuehrungen-200x91.jpg 200w, https:\/\/bio-imkerei-faehnle.de\/wordpress\/wp-content\/uploads\/2017\/03\/041_header_fuehrungen-300x136.jpg 300w, https:\/\/bio-imkerei-faehnle.de\/wordpress\/wp-content\/uploads\/2017\/03\/041_header_fuehrungen-400x182.jpg 400w, https:\/\/bio-imkerei-faehnle.de\/wordpress\/wp-content\/uploads\/2017\/03\/041_header_fuehrungen-600x273.jpg 600w, https:\/\/bio-imkerei-faehnle.de\/wordpress\/wp-content\/uploads\/2017\/03\/041_header_fuehrungen-768x349.jpg 768w, https:\/\/bio-imkerei-faehnle.de\/wordpress\/wp-content\/uploads\/2017\/03\/041_header_fuehrungen-800x364.jpg 800w, https:\/\/bio-imkerei-faehnle.de\/wordpress\/wp-content\/uploads\/2017\/03\/041_header_fuehrungen-1024x465.jpg 1024w, https:\/\/bio-imkerei-faehnle.de\/wordpress\/wp-content\/uploads\/2017\/03\/041_header_fuehrungen.jpg 1100w\" sizes=\"(max-width: 1100px) 100vw, 1100px\" \/><\/div><\/div><\/div><div class=\"swiper-slide\"><div class=\"fusion-carousel-item-wrapper\"><div class=\"fusion-image-wrapper hover-type-none\"><img decoding=\"async\" width=\"1100\" height=\"500\" src=\"https:\/\/bio-imkerei-faehnle.de\/wordpress\/wp-content\/uploads\/2017\/03\/042_header_fuehrungen.jpg\" class=\"attachment-full size-full\" alt=\"\" srcset=\"https:\/\/bio-imkerei-faehnle.de\/wordpress\/wp-content\/uploads\/2017\/03\/042_header_fuehrungen-200x91.jpg 200w, https:\/\/bio-imkerei-faehnle.de\/wordpress\/wp-content\/uploads\/2017\/03\/042_header_fuehrungen-300x136.jpg 300w, https:\/\/bio-imkerei-faehnle.de\/wordpress\/wp-content\/uploads\/2017\/03\/042_header_fuehrungen-400x182.jpg 400w, https:\/\/bio-imkerei-faehnle.de\/wordpress\/wp-content\/uploads\/2017\/03\/042_header_fuehrungen-600x273.jpg 600w, https:\/\/bio-imkerei-faehnle.de\/wordpress\/wp-content\/uploads\/2017\/03\/042_header_fuehrungen-768x349.jpg 768w, https:\/\/bio-imkerei-faehnle.de\/wordpress\/wp-content\/uploads\/2017\/03\/042_header_fuehrungen-800x364.jpg 800w, https:\/\/bio-imkerei-faehnle.de\/wordpress\/wp-content\/uploads\/2017\/03\/042_header_fuehrungen-1024x465.jpg 1024w, https:\/\/bio-imkerei-faehnle.de\/wordpress\/wp-content\/uploads\/2017\/03\/042_header_fuehrungen.jpg 1100w\" sizes=\"(max-width: 1100px) 100vw, 1100px\" \/><\/div><\/div><\/div><\/div><div class=\"awb-swiper-button awb-swiper-button-prev\"><i class=\"awb-icon-angle-left\" aria-hidden=\"true\"><\/i><\/div><div class=\"awb-swiper-button awb-swiper-button-next\"><i class=\"awb-icon-angle-right\" aria-hidden=\"true\"><\/i><\/div><\/div><\/div><div class=\"fusion-clearfix\"><\/div><\/div><\/div><\/div><\/div><div class=\"fusion-fullwidth fullwidth-box fusion-builder-row-2 nonhundred-percent-fullwidth non-hundred-percent-height-scrolling\" style=\"--awb-border-radius-top-left:0px;--awb-border-radius-top-right:0px;--awb-border-radius-bottom-right:0px;--awb-border-radius-bottom-left:0px;--awb-flex-wrap:wrap;\" ><div class=\"fusion-builder-row fusion-row\"><div class=\"fusion-layout-column fusion_builder_column fusion-builder-column-1 fusion_builder_column_3_4 3_4 fusion-three-fourth fusion-column-first\" style=\"--awb-bg-size:cover;width:75%;width:calc(75% - ( ( 4% ) * 0.75 ) );margin-right: 4%;\"><div class=\"fusion-column-wrapper fusion-flex-column-wrapper-legacy\"><div class=\"fusion-title title fusion-title-1 fusion-sep-none fusion-title-text fusion-title-size-one\" style=\"--awb-margin-top:10px;--awb-margin-bottom:0px;--awb-margin-top-small:10px;--awb-margin-right-small:0px;--awb-margin-bottom-small:10px;--awb-margin-left-small:0px;\"><h1 class=\"fusion-title-heading title-heading-left\" style=\"margin:0;\">Hofladen Zang<\/h1><\/div><div class=\"fusion-text fusion-text-1\"><p><strong>Bitte beachten:<\/strong><\/p>\n<p><strong>Neue Hofladen\u00f6ffnungszeiten ab 15.9.2021: <\/strong><\/p>\n<p><strong>Mittwoch 9-12 Uhr<\/strong><\/p>\n<p><strong>Freitag 15-18 Uhr<\/strong><\/p>\n<p>Hier bekommen Sie nat\u00fcrlich unser gesamtes Sortiment. Gr\u00f6\u00dfere Mengen bitte vorbestellen.<\/p>\n<p>Wenn niemand im Laden, bitte in der Hirscheckstra\u00dfe 29 klingeln.<\/p>\n<p>Bei weiterer Anfahrt auch Terminvereinbarung m\u00f6glich Tel 07328 922022.<\/p>\n<p>Au\u00dferhalb der \u00d6ffnungszeiten steht unser Regiomat f\u00fcr sie jederzeit zur Verf\u00fcgung.<\/p>\n<\/div><div class=\"fusion-title title fusion-title-2 fusion-sep-none fusion-title-text fusion-title-size-one\" style=\"--awb-margin-top:10px;--awb-margin-bottom:0px;--awb-margin-top-small:10px;--awb-margin-right-small:0px;--awb-margin-bottom-small:10px;--awb-margin-left-small:0px;\"><h1 class=\"fusion-title-heading title-heading-left\" style=\"margin:0;\">M\u00e4rkte<\/h1><\/div><div class=\"fusion-text fusion-text-2\"><p>Auf welchen M\u00e4rkten wir vertreten sind, finden Sie unter der Rubrik Termine. Geschenksets, Getreide, Mehl und gr\u00f6\u00dfere Mengen Honig k\u00f6nnen mitgebracht werden, bitte mindestens 2 Tage vorher bestellen.<\/p>\n<\/div><div class=\"fusion-sep-clear\"><\/div><div class=\"fusion-separator fusion-full-width-sep\" style=\"margin-left: auto;margin-right: auto;margin-top:10px;margin-bottom:20px;width:100%;\"><div class=\"fusion-separator-border sep-single sep-dotted\" style=\"--awb-height:20px;--awb-amount:20px;--awb-sep-color:#742c25;border-color:#742c25;border-top-width:1px;\"><\/div><\/div><div class=\"fusion-sep-clear\"><\/div><div class=\"fusion-title title fusion-title-3 fusion-sep-none fusion-title-text fusion-title-size-one\" style=\"--awb-margin-top:10px;--awb-margin-bottom:0px;--awb-margin-top-small:10px;--awb-margin-right-small:0px;--awb-margin-bottom-small:10px;--awb-margin-left-small:0px;\"><h1 class=\"fusion-title-heading title-heading-left\" style=\"margin:0;\">Wiederverk\u00e4ufer<\/h1><\/div><div class=\"fusion-text fusion-text-3\"><p>Unsere Wiederverk\u00e4ufer haben nicht alle unsere Honigsorten im Sortiment und die Verkaufspreise k\u00f6nnen von unseren Hofladenpreisen abweichen.<\/p>\n<\/div><div class=\"fusion-title title fusion-title-4 fusion-sep-none fusion-title-text fusion-title-size-two\" style=\"--awb-margin-top:10px;--awb-margin-bottom:0px;--awb-margin-top-small:10px;--awb-margin-right-small:0px;--awb-margin-bottom-small:10px;--awb-margin-left-small:0px;\"><h2 class=\"fusion-title-heading title-heading-left\" style=\"margin:0;\"><h2>Folgende L\u00e4den haben unseren Honig im Sortiment:<\/h2><\/h2><\/div><div class=\"fusion-text fusion-text-4\" style=\"--awb-text-transform:none;\"><p><strong>Edeka M\u00e4rkte<\/strong><br \/>\n\u2022\u00a0\u00a0 \u00a0Gebauer`s Edeka Aktiv M\u00e4rkte in Bonlanden, G\u00f6ppingen, Geislingen, Salach, S\u00fc\u00dfen<br \/>\n\u2022\u00a0\u00a0 \u00a0Edeka Oberkochen<br \/>\n\u2022\u00a0\u00a0 \u00a0Edeka Gerstetten<br \/>\n\u2022\u00a0\u00a0 \u00a0Edeka Langenau<\/p>\n<p><strong>Reformh\u00e4user<\/strong><br \/>\n\u2022\u00a0\u00a0 \u00a0Reformhaus Escher, Heidenheim<br \/>\n\u2022\u00a0\u00a0 \u00a0Reformhaus L\u00e4ssing, Kirchheim\/Teck<br \/>\n\u2022\u00a0\u00a0 \u00a0Reformhaus Klett, B\u00f6blingen<\/p>\n<p><strong>Hofl\u00e4den<\/strong><br \/>\n\u2022\u00a0\u00a0 \u00a0Beyrle, Ebnat<br \/>\n\u2022\u00a0\u00a0 \u00a0Bio Bihlmaier, Herbrechtingen-Ugenhof<br \/>\n\u2022\u00a0\u00a0 \u00a0Gutmann, Plochingen<br \/>\n\u2022\u00a0\u00a0\u00a0 Obst und Gem\u00fcse Berger, Reichenbach<br \/>\n\u2022\u00a0\u00a0 \u00a0von Woellwarth, Hohenroden<br \/>\n\u2022\u00a0\u00a0 \u00a0Hofladen Fauser, Mutlangen<br \/>\n\u2022\u00a0\u00a0\u00a0 Schafhof Smietana<br \/>\n\u2022\u00a0\u00a0 \u00a0Waldeckhof, G\u00f6ppingen<br \/>\n\u2022\u00a0\u00a0\u00a0 Andre Rest, Bartholom\u00e4- R\u00f6tenbach<\/p>\n<p><strong>Sonstige<\/strong><br \/>\n\u2022\u00a0\u00a0 \u00a0Metzgerei Schr\u00f6der, Zang<br \/>\n\u2022\u00a0\u00a0 \u00a0B\u00e4ckerei K\u00f6rnlesbeck, Heidenheim<br \/>\n\u2022\u00a0\u00a0 \u00a0G\u00e4rtnerei Huber, Heidenheim<br \/>\n\u2022\u00a0\u00a0 \u00a0B\u00e4ckerei Maier, Lauterburg<br \/>\n\u2022\u00a0\u00a0 \u00a0Steinhirt Apotheke, Steinheim<br \/>\n\u2022\u00a0\u00a0 \u00a0Zwiebel &amp; Co., Hermaringen<br \/>\n\u2022\u00a0\u00a0\u00a0 Biothek, Heidenheim<br \/>\n\u2022\u00a0\u00a0\u00a0 ums Eck, S\u00f6hnstetten<br \/>\n\u2022\u00a0\u00a0\u00a0 Heimatsm\u00fchle Aalen<\/p>\n<p><strong>Superm\u00e4rkte<\/strong><br \/>\n\u2022\u00a0\u00a0 \u00a0Rewe Heidenheim und Sontheim<br \/>\n\u2022\u00a0\u00a0\u00a0 Marktkauf Heidenheim<\/p>\n<\/div><div class=\"fusion-clearfix\"><\/div><\/div><\/div><div class=\"fusion-layout-column fusion_builder_column fusion-builder-column-2 fusion_builder_column_1_4 1_4 fusion-one-fourth fusion-column-last\" style=\"--awb-bg-size:cover;width:25%;width:calc(25% - ( ( 4% ) * 0.25 ) );\"><div class=\"fusion-column-wrapper fusion-flex-column-wrapper-legacy\"><div class=\"fusion-image-element in-legacy-container\" style=\"--awb-caption-title-font-family:var(--h2_typography-font-family);--awb-caption-title-font-weight:var(--h2_typography-font-weight);--awb-caption-title-font-style:var(--h2_typography-font-style);--awb-caption-title-size:var(--h2_typography-font-size);--awb-caption-title-transform:var(--h2_typography-text-transform);--awb-caption-title-line-height:var(--h2_typography-line-height);--awb-caption-title-letter-spacing:var(--h2_typography-letter-spacing);\"><span class=\" fusion-imageframe imageframe-none imageframe-1 hover-type-none\"><img decoding=\"async\" width=\"500\" height=\"500\" title=\"055_bio_siegel\" src=\"http:\/\/clausundhelena.alfahosting.org\/wordpress\/wp-content\/uploads\/2017\/03\/055_bio_siegel.png\" alt class=\"img-responsive wp-image-237\" srcset=\"https:\/\/bio-imkerei-faehnle.de\/wordpress\/wp-content\/uploads\/2017\/03\/055_bio_siegel-200x200.png 200w, https:\/\/bio-imkerei-faehnle.de\/wordpress\/wp-content\/uploads\/2017\/03\/055_bio_siegel-400x400.png 400w, https:\/\/bio-imkerei-faehnle.de\/wordpress\/wp-content\/uploads\/2017\/03\/055_bio_siegel.png 500w\" sizes=\"(max-width: 800px) 100vw, 400px\" \/><\/span><\/div><div class=\"fusion-clearfix\"><\/div><\/div><\/div><\/div><\/div><\/p>\n","protected":false},"excerpt":{"rendered":"","protected":false},"author":1,"featured_media":0,"parent":0,"menu_order":0,"comment_status":"closed","ping_status":"closed","template":"","meta":{"footnotes":""},"class_list":["post-33","page","type-page","status-publish","hentry"],"aioseo_notices":[],"_links":{"self":[{"href":"https:\/\/bio-imkerei-faehnle.de\/wordpress\/wp-json\/wp\/v2\/pages\/33","targetHints":{"allow":["GET"]}}],"collection":[{"href":"https:\/\/bio-imkerei-faehnle.de\/wordpress\/wp-json\/wp\/v2\/pages"}],"about":[{"href":"https:\/\/bio-imkerei-faehnle.de\/wordpress\/wp-json\/wp\/v2\/types\/page"}],"author":[{"embeddable":true,"href":"https:\/\/bio-imkerei-faehnle.de\/wordpress\/wp-json\/wp\/v2\/users\/1"}],"replies":[{"embeddable":true,"href":"https:\/\/bio-imkerei-faehnle.de\/wordpress\/wp-json\/wp\/v2\/comments?post=33"}],"version-history":[{"count":32,"href":"https:\/\/bio-imkerei-faehnle.de\/wordpress\/wp-json\/wp\/v2\/pages\/33\/revisions"}],"predecessor-version":[{"id":673,"href":"https:\/\/bio-imkerei-faehnle.de\/wordpress\/wp-json\/wp\/v2\/pages\/33\/revisions\/673"}],"wp:attachment":[{"href":"https:\/\/bio-imkerei-faehnle.de\/wordpress\/wp-json\/wp\/v2\/media?parent=33"}],"curies":[{"name":"wp","href":"https:\/\/api.w.org\/{rel}","templated":true}]}}