{"id":29,"date":"2017-03-21T12:22:57","date_gmt":"2017-03-21T11:22:57","guid":{"rendered":"http:\/\/clausundhelena.alfahosting.org\/wordpress\/?page_id=29"},"modified":"2022-01-03T15:14:46","modified_gmt":"2022-01-03T14:14:46","slug":"fuehrungen","status":"publish","type":"page","link":"https:\/\/bio-imkerei-faehnle.de\/wordpress\/fuehrungen\/","title":{"rendered":"F\u00fchrungen"},"content":{"rendered":"<p><div class=\"fusion-fullwidth fullwidth-box fusion-builder-row-1 nonhundred-percent-fullwidth non-hundred-percent-height-scrolling\" style=\"--awb-border-radius-top-left:0px;--awb-border-radius-top-right:0px;--awb-border-radius-bottom-right:0px;--awb-border-radius-bottom-left:0px;--awb-flex-wrap:wrap;\" ><div class=\"fusion-builder-row fusion-row\"><div class=\"fusion-layout-column fusion_builder_column fusion-builder-column-0 fusion_builder_column_1_1 1_1 fusion-one-full fusion-column-first fusion-column-last\" style=\"--awb-bg-size:cover;\"><div class=\"fusion-column-wrapper fusion-flex-column-wrapper-legacy\"><div class=\"fusion-image-carousel fusion-image-carousel-auto fusion-image-carousel-1 fusion-carousel-border\"><div class=\"awb-carousel awb-swiper awb-swiper-carousel awb-carousel--carousel awb-swiper-dots-position-bottom\" data-layout=\"carousel\" data-autoplay=\"no\" data-autoplayspeed=\"2500\" data-autoplaypause=\"no\" data-columns=\"1\" data-columnsmedium=\"1\" data-columnssmall=\"1\" data-itemmargin=\"13\" data-itemwidth=\"180\" data-touchscroll=\"no\" data-freemode=\"no\" data-imagesize=\"auto\" data-scrollitems=\"0\" data-centeredslides=\"no\" data-rotationangle=\"50\" data-depth=\"100\" data-speed=\"500\" data-shadow=\"no\" data-pagination=\"bullets\" style=\"--awb-columns:1;--awb-border-width:1px;--awb-border-color:#e9eaee;\"><div class=\"swiper-wrapper awb-image-carousel-wrapper fusion-flex-align-items-center\"><div class=\"swiper-slide\"><div class=\"fusion-carousel-item-wrapper\"><div class=\"fusion-image-wrapper hover-type-none\"><img decoding=\"async\" width=\"1100\" height=\"500\" src=\"https:\/\/bio-imkerei-faehnle.de\/wordpress\/wp-content\/uploads\/2017\/03\/038_headerbild_fuehrungen.jpg\" class=\"attachment-full size-full\" alt=\"\" srcset=\"https:\/\/bio-imkerei-faehnle.de\/wordpress\/wp-content\/uploads\/2017\/03\/038_headerbild_fuehrungen-200x91.jpg 200w, https:\/\/bio-imkerei-faehnle.de\/wordpress\/wp-content\/uploads\/2017\/03\/038_headerbild_fuehrungen-300x136.jpg 300w, https:\/\/bio-imkerei-faehnle.de\/wordpress\/wp-content\/uploads\/2017\/03\/038_headerbild_fuehrungen-400x182.jpg 400w, https:\/\/bio-imkerei-faehnle.de\/wordpress\/wp-content\/uploads\/2017\/03\/038_headerbild_fuehrungen-600x273.jpg 600w, https:\/\/bio-imkerei-faehnle.de\/wordpress\/wp-content\/uploads\/2017\/03\/038_headerbild_fuehrungen-768x349.jpg 768w, https:\/\/bio-imkerei-faehnle.de\/wordpress\/wp-content\/uploads\/2017\/03\/038_headerbild_fuehrungen-800x364.jpg 800w, https:\/\/bio-imkerei-faehnle.de\/wordpress\/wp-content\/uploads\/2017\/03\/038_headerbild_fuehrungen-1024x465.jpg 1024w, https:\/\/bio-imkerei-faehnle.de\/wordpress\/wp-content\/uploads\/2017\/03\/038_headerbild_fuehrungen.jpg 1100w\" sizes=\"(max-width: 1100px) 100vw, 1100px\" \/><\/div><\/div><\/div><div class=\"swiper-slide\"><div class=\"fusion-carousel-item-wrapper\"><div class=\"fusion-image-wrapper hover-type-none\"><img decoding=\"async\" width=\"1100\" height=\"500\" src=\"https:\/\/bio-imkerei-faehnle.de\/wordpress\/wp-content\/uploads\/2017\/03\/040_header_fuehrungen.jpg\" class=\"attachment-full size-full\" alt=\"\" srcset=\"https:\/\/bio-imkerei-faehnle.de\/wordpress\/wp-content\/uploads\/2017\/03\/040_header_fuehrungen-200x91.jpg 200w, https:\/\/bio-imkerei-faehnle.de\/wordpress\/wp-content\/uploads\/2017\/03\/040_header_fuehrungen-300x136.jpg 300w, https:\/\/bio-imkerei-faehnle.de\/wordpress\/wp-content\/uploads\/2017\/03\/040_header_fuehrungen-400x182.jpg 400w, https:\/\/bio-imkerei-faehnle.de\/wordpress\/wp-content\/uploads\/2017\/03\/040_header_fuehrungen-600x273.jpg 600w, https:\/\/bio-imkerei-faehnle.de\/wordpress\/wp-content\/uploads\/2017\/03\/040_header_fuehrungen-768x349.jpg 768w, https:\/\/bio-imkerei-faehnle.de\/wordpress\/wp-content\/uploads\/2017\/03\/040_header_fuehrungen-800x364.jpg 800w, https:\/\/bio-imkerei-faehnle.de\/wordpress\/wp-content\/uploads\/2017\/03\/040_header_fuehrungen-1024x465.jpg 1024w, https:\/\/bio-imkerei-faehnle.de\/wordpress\/wp-content\/uploads\/2017\/03\/040_header_fuehrungen.jpg 1100w\" sizes=\"(max-width: 1100px) 100vw, 1100px\" \/><\/div><\/div><\/div><div class=\"swiper-slide\"><div class=\"fusion-carousel-item-wrapper\"><div class=\"fusion-image-wrapper hover-type-none\"><img decoding=\"async\" width=\"1100\" height=\"500\" src=\"https:\/\/bio-imkerei-faehnle.de\/wordpress\/wp-content\/uploads\/2017\/03\/041_header_fuehrungen.jpg\" class=\"attachment-full size-full\" alt=\"\" srcset=\"https:\/\/bio-imkerei-faehnle.de\/wordpress\/wp-content\/uploads\/2017\/03\/041_header_fuehrungen-200x91.jpg 200w, https:\/\/bio-imkerei-faehnle.de\/wordpress\/wp-content\/uploads\/2017\/03\/041_header_fuehrungen-300x136.jpg 300w, https:\/\/bio-imkerei-faehnle.de\/wordpress\/wp-content\/uploads\/2017\/03\/041_header_fuehrungen-400x182.jpg 400w, https:\/\/bio-imkerei-faehnle.de\/wordpress\/wp-content\/uploads\/2017\/03\/041_header_fuehrungen-600x273.jpg 600w, https:\/\/bio-imkerei-faehnle.de\/wordpress\/wp-content\/uploads\/2017\/03\/041_header_fuehrungen-768x349.jpg 768w, https:\/\/bio-imkerei-faehnle.de\/wordpress\/wp-content\/uploads\/2017\/03\/041_header_fuehrungen-800x364.jpg 800w, https:\/\/bio-imkerei-faehnle.de\/wordpress\/wp-content\/uploads\/2017\/03\/041_header_fuehrungen-1024x465.jpg 1024w, https:\/\/bio-imkerei-faehnle.de\/wordpress\/wp-content\/uploads\/2017\/03\/041_header_fuehrungen.jpg 1100w\" sizes=\"(max-width: 1100px) 100vw, 1100px\" \/><\/div><\/div><\/div><div class=\"swiper-slide\"><div class=\"fusion-carousel-item-wrapper\"><div class=\"fusion-image-wrapper hover-type-none\"><img decoding=\"async\" width=\"1100\" height=\"500\" src=\"https:\/\/bio-imkerei-faehnle.de\/wordpress\/wp-content\/uploads\/2017\/03\/042_header_fuehrungen.jpg\" class=\"attachment-full size-full\" alt=\"\" srcset=\"https:\/\/bio-imkerei-faehnle.de\/wordpress\/wp-content\/uploads\/2017\/03\/042_header_fuehrungen-200x91.jpg 200w, https:\/\/bio-imkerei-faehnle.de\/wordpress\/wp-content\/uploads\/2017\/03\/042_header_fuehrungen-300x136.jpg 300w, https:\/\/bio-imkerei-faehnle.de\/wordpress\/wp-content\/uploads\/2017\/03\/042_header_fuehrungen-400x182.jpg 400w, https:\/\/bio-imkerei-faehnle.de\/wordpress\/wp-content\/uploads\/2017\/03\/042_header_fuehrungen-600x273.jpg 600w, https:\/\/bio-imkerei-faehnle.de\/wordpress\/wp-content\/uploads\/2017\/03\/042_header_fuehrungen-768x349.jpg 768w, https:\/\/bio-imkerei-faehnle.de\/wordpress\/wp-content\/uploads\/2017\/03\/042_header_fuehrungen-800x364.jpg 800w, https:\/\/bio-imkerei-faehnle.de\/wordpress\/wp-content\/uploads\/2017\/03\/042_header_fuehrungen-1024x465.jpg 1024w, https:\/\/bio-imkerei-faehnle.de\/wordpress\/wp-content\/uploads\/2017\/03\/042_header_fuehrungen.jpg 1100w\" sizes=\"(max-width: 1100px) 100vw, 1100px\" \/><\/div><\/div><\/div><\/div><div class=\"awb-swiper-button awb-swiper-button-prev\"><i class=\"awb-icon-angle-left\" aria-hidden=\"true\"><\/i><\/div><div class=\"awb-swiper-button awb-swiper-button-next\"><i class=\"awb-icon-angle-right\" aria-hidden=\"true\"><\/i><\/div><\/div><\/div><div class=\"fusion-clearfix\"><\/div><\/div><\/div><\/div><\/div><div class=\"fusion-fullwidth fullwidth-box fusion-builder-row-2 nonhundred-percent-fullwidth non-hundred-percent-height-scrolling\" style=\"--awb-border-radius-top-left:0px;--awb-border-radius-top-right:0px;--awb-border-radius-bottom-right:0px;--awb-border-radius-bottom-left:0px;--awb-flex-wrap:wrap;\" ><div class=\"fusion-builder-row fusion-row\"><div class=\"fusion-layout-column fusion_builder_column fusion-builder-column-1 fusion_builder_column_3_4 3_4 fusion-three-fourth fusion-column-first\" style=\"--awb-bg-size:cover;width:75%;width:calc(75% - ( ( 4% ) * 0.75 ) );margin-right: 4%;\"><div class=\"fusion-column-wrapper fusion-flex-column-wrapper-legacy\"><div class=\"fusion-title title fusion-title-1 fusion-sep-none fusion-title-text fusion-title-size-one\" style=\"--awb-margin-top-small:10px;--awb-margin-right-small:0px;--awb-margin-bottom-small:10px;--awb-margin-left-small:0px;\"><h1 class=\"fusion-title-heading title-heading-left\" style=\"margin:0;\">Allgemeine Informationen zu unseren F\u00fchrungen<\/h1><\/div><div class=\"fusion-text fusion-text-1\" style=\"--awb-text-transform:none;\"><p>F\u00fchrungen sind ganzj\u00e4hrig m\u00f6glich &#8211; idealerweise von Fr\u00fchjahr bis Herbst auch mit direktem Bienenkontakt.<br \/>\nGruppengr\u00f6\u00dfe 10-50 Personen. Dauer etwa 2h.<\/p>\n<p>Auf Wunsch ist abschlie\u00dfend ein Zusammensein bei Kaffee und Kuchen oder Vesper mit hofeigenen Produkten m\u00f6glich (Nur nach Voranmeldung f\u00fcr Gruppen).<\/p>\n<p>F\u00fcr Kleingruppen und Einzelpersonen bieten wir 2 Termine pro Saison an ( Anmeldung per Mail oder telefonisch unbedingt erforderlich)<\/p>\n<p>Preis pro Person: 10 Euro, Kinder bis 12 Jahre 5 Euro.<\/p>\n<p>Hofladen bei allen F\u00fchrungen ge\u00f6ffnet.<\/p>\n<\/div><div class=\"fusion-sep-clear\"><\/div><div class=\"fusion-separator fusion-full-width-sep\" style=\"margin-left: auto;margin-right: auto;width:100%;\"><div class=\"fusion-separator-border sep-single sep-dotted\" style=\"--awb-height:20px;--awb-amount:20px;--awb-sep-color:#742c25;border-color:#742c25;border-top-width:1px;\"><\/div><\/div><div class=\"fusion-sep-clear\"><\/div><div class=\"fusion-title title fusion-title-2 fusion-sep-none fusion-title-text fusion-title-size-one\" style=\"--awb-margin-top:20px;--awb-margin-bottom:0px;--awb-margin-top-small:10px;--awb-margin-right-small:0px;--awb-margin-bottom-small:10px;--awb-margin-left-small:0px;\"><h1 class=\"fusion-title-heading title-heading-left\" style=\"margin:0;\">F\u00fchrung durch moderne Apitherapieimkerei<\/h1><\/div><div class=\"fusion-text fusion-text-2\" style=\"--awb-text-transform:none;\"><p>Hier bekommen Sie einen Einblick in ein Bienenvolk, in die Honigernte und -verarbeitung mit Hinweisen zur Lagerung und Verwendung des Honigs und der anderen Bienenprodukte. Zu einer Apitherapieimkerei geh\u00f6rt auch eine entsprechende technische\u00a0 Ausstattung.<br \/>\nDie notwendigen Arbeitsschritte werden w\u00e4hrend der Besichtigung erl\u00e4utert. Je nach Bedarf k\u00f6nnen verschiedene Schwerpunkte gesetzt werden.<\/p>\n<p>Selbstverst\u00e4ndlich schlie\u00dft sich daran eine Kostprobe von Apitherapiehonigen an.<\/p>\n<\/div><div class=\"fusion-title title fusion-title-3 fusion-sep-none fusion-title-text fusion-title-size-one\" style=\"--awb-margin-top:20px;--awb-margin-bottom:0px;--awb-margin-top-small:10px;--awb-margin-right-small:0px;--awb-margin-bottom-small:10px;--awb-margin-left-small:0px;\"><h1 class=\"fusion-title-heading title-heading-left\" style=\"margin:0;\">Kinderprogramm<\/h1><\/div><div class=\"fusion-text fusion-text-3\" style=\"--awb-text-transform:none;\"><p>Das Bienenvolk im Jahreslauf<\/p>\n<p>Das Bienenjahr beginnt August\/ September mit dem Aufbau des Wintervolkes und f\u00e4llt zusammen mit Einf\u00fctterung und Behandlung der Bienenv\u00f6lker. Je nach Witterung beginnt der Neuaufbau ab Februar\/M\u00e4rz und erreicht um die Sommersonnenwende ihren H\u00f6hepunkt, um dann wieder langsam abzunehmen.<\/p>\n<p>F\u00fcr Schulklassen und andere Kinder- und Jugendgruppen bieten wir Unterrichtsprojekte rund um das Thema Bienen. Die Kinder d\u00fcrfen in der Honigsaison (Mai-August) selbst Honig schleudern und nat\u00fcrlich probieren. Im Winter kann man bei uns Kerzen aus Bienenwachs ziehen.<\/p>\n<p>Wir sind Mitglied in der Interessengemeinschaft Bauernhof erleben:\u00a0 <a href=\"http:\/\/www.ig-bauernhof-erleben.de\/\" target=\"_blank\" rel=\"noopener noreferrer\">www.ig-bauernhof-erleben.de<\/a><\/p>\n<p>Unser Betrieb ist ein anerkannter Lernort Bauernhof (n\u00e4here Infos unter <a href=\"http:\/\/lob-bw.de\/\" target=\"_blank\" rel=\"noopener noreferrer\">lob-bw.de<\/a>).<\/p>\n<\/div><div class=\"fusion-title title fusion-title-4 fusion-sep-none fusion-title-text fusion-title-size-one\" style=\"--awb-margin-top:20px;--awb-margin-bottom:0px;--awb-margin-top-small:10px;--awb-margin-right-small:0px;--awb-margin-bottom-small:10px;--awb-margin-left-small:0px;\"><h1 class=\"fusion-title-heading title-heading-left\" style=\"margin:0;\">Bienenprodukte und ihre Anwendung<\/h1><\/div><div class=\"fusion-text fusion-text-4\" style=\"--awb-text-transform:none;\"><p>Entdecken sie die verborgenen Kr\u00e4fte in Honig, Bl\u00fctenpollen, Propolis, Gel\u00e9e Royale, Bienengift, Bienenwachs und der wohltuenden Wirkung der Bienenstockluft. Sie bekommen Tipps f\u00fcr die vielf\u00e4ltigen Anwendungsm\u00f6glichkeiten im ern\u00e4hrungsphysiologischen, kosmetischen, therapeutischen und medizinischen Bereich. Eine Honigverkostung gibt Einblick in die Geschmacksvielfalt unserer Region. Au\u00dferdem k\u00f6nnen verschiedene Kosmetikprodukte getestet werden.<\/p>\n<p>Dieses Modul ist auch als Workshop f\u00fcr Gruppen bis 15 Personen buchbar. Individuelles Programm mit Herstellung von z.B. eines Lippenpflegestift oder Frischhaltetuch mit Bienenwachs, usw.,nach Absprache mit Fachberaterin f\u00fcr Bienenprodukte Helena F\u00e4hnle. Dauer 2-4 Stunden.<\/p>\n<\/div><div class=\"fusion-text fusion-text-5\" style=\"--awb-text-transform:none;\"><p>Sie k\u00f6nnen uns auch f\u00fcr Vortr\u00e4ge in ihren R\u00e4umlichkeiten buchen.<\/p>\n<\/div><div class=\"fusion-clearfix\"><\/div><\/div><\/div><div class=\"fusion-layout-column fusion_builder_column fusion-builder-column-2 fusion_builder_column_1_4 1_4 fusion-one-fourth fusion-column-last\" style=\"--awb-bg-size:cover;width:25%;width:calc(25% - ( ( 4% ) * 0.25 ) );\"><div class=\"fusion-column-wrapper fusion-flex-column-wrapper-legacy\"><div class=\"fusion-image-element in-legacy-container\" style=\"--awb-caption-title-font-family:var(--h2_typography-font-family);--awb-caption-title-font-weight:var(--h2_typography-font-weight);--awb-caption-title-font-style:var(--h2_typography-font-style);--awb-caption-title-size:var(--h2_typography-font-size);--awb-caption-title-transform:var(--h2_typography-text-transform);--awb-caption-title-line-height:var(--h2_typography-line-height);--awb-caption-title-letter-spacing:var(--h2_typography-letter-spacing);\"><span class=\" fusion-imageframe imageframe-none imageframe-1 hover-type-none\"><img decoding=\"async\" width=\"500\" height=\"500\" title=\"055_bio_siegel\" src=\"http:\/\/clausundhelena.alfahosting.org\/wordpress\/wp-content\/uploads\/2017\/03\/055_bio_siegel.png\" alt class=\"img-responsive wp-image-237\" srcset=\"https:\/\/bio-imkerei-faehnle.de\/wordpress\/wp-content\/uploads\/2017\/03\/055_bio_siegel-200x200.png 200w, https:\/\/bio-imkerei-faehnle.de\/wordpress\/wp-content\/uploads\/2017\/03\/055_bio_siegel-400x400.png 400w, https:\/\/bio-imkerei-faehnle.de\/wordpress\/wp-content\/uploads\/2017\/03\/055_bio_siegel.png 500w\" sizes=\"(max-width: 800px) 100vw, 400px\" \/><\/span><\/div><div class=\"fusion-clearfix\"><\/div><\/div><\/div><\/div><\/div><\/p>\n","protected":false},"excerpt":{"rendered":"","protected":false},"author":1,"featured_media":0,"parent":0,"menu_order":0,"comment_status":"closed","ping_status":"closed","template":"","meta":{"footnotes":""},"class_list":["post-29","page","type-page","status-publish","hentry"],"aioseo_notices":[],"_links":{"self":[{"href":"https:\/\/bio-imkerei-faehnle.de\/wordpress\/wp-json\/wp\/v2\/pages\/29","targetHints":{"allow":["GET"]}}],"collection":[{"href":"https:\/\/bio-imkerei-faehnle.de\/wordpress\/wp-json\/wp\/v2\/pages"}],"about":[{"href":"https:\/\/bio-imkerei-faehnle.de\/wordpress\/wp-json\/wp\/v2\/types\/page"}],"author":[{"embeddable":true,"href":"https:\/\/bio-imkerei-faehnle.de\/wordpress\/wp-json\/wp\/v2\/users\/1"}],"replies":[{"embeddable":true,"href":"https:\/\/bio-imkerei-faehnle.de\/wordpress\/wp-json\/wp\/v2\/comments?post=29"}],"version-history":[{"count":19,"href":"https:\/\/bio-imkerei-faehnle.de\/wordpress\/wp-json\/wp\/v2\/pages\/29\/revisions"}],"predecessor-version":[{"id":650,"href":"https:\/\/bio-imkerei-faehnle.de\/wordpress\/wp-json\/wp\/v2\/pages\/29\/revisions\/650"}],"wp:attachment":[{"href":"https:\/\/bio-imkerei-faehnle.de\/wordpress\/wp-json\/wp\/v2\/media?parent=29"}],"curies":[{"name":"wp","href":"https:\/\/api.w.org\/{rel}","templated":true}]}}